{"id":522,"date":"2025-03-11T10:05:49","date_gmt":"2025-03-11T09:05:49","guid":{"rendered":"https:\/\/www.limobusroma.it\/?page_id=522"},"modified":"2025-03-12T11:26:22","modified_gmt":"2025-03-12T10:26:22","slug":"home-sp","status":"publish","type":"page","link":"https:\/\/www.limobusroma.it\/es\/","title":{"rendered":"Home"},"content":{"rendered":"<p>Alquila una limusina discoteca de 15 plazas totalmente amueblada como una limusina, ideal para fiestas privadas. Se puede definir como un\u00a0DISCO LIMO BUS\u00a0porque en su interior se pueden organizar aut\u00e9nticas fiestas de baile. Bailamos y nos divertimos dentro de este &#8220;lugar de 4 ruedas&#8221;.<\/p>\n<p>\u00bfQuieres celebrar tu cumplea\u00f1os, tu graduaci\u00f3n o tu despedida de soltero a bordo del fun? Alquilar una limusina es una experiencia realmente incre\u00edble y \u00a1es como tener una aut\u00e9ntica discoteca que viaja sobre cuatro ruedas! Es un coche supertecnol\u00f3gico.<\/p>\n<ul>\n<li>audio de alta calidad<\/li>\n<li>15 asientos para fiestas privadas<\/li>\n<li>Pantalla 3D para proyecci\u00f3n de v\u00eddeo y gafas para todos los invitados.<\/li>\n<li>Luces estrobosc\u00f3picas y LED como una aut\u00e9ntica discoteca<\/li>\n<li>Sof\u00e1s de cuero<\/li>\n<li>karaoke profesional<\/li>\n<\/ul>\n","protected":false},"excerpt":{"rendered":"<p>Alquila una limusina discoteca de 15 plazas totalmente amueblada como una limusina, ideal para fiestas privadas. Se puede definir como un\u00a0DISCO LIMO BUS\u00a0porque en su interior se pueden organizar aut\u00e9nticas fiestas de baile. Bailamos y nos divertimos dentro de este &#8220;lugar de 4 ruedas&#8221;. \u00bfQuieres celebrar tu cumplea\u00f1os, tu graduaci\u00f3n o tu despedida de soltero [&hellip;]<\/p>\n","protected":false},"author":1,"featured_media":412,"parent":0,"menu_order":0,"comment_status":"closed","ping_status":"closed","template":"","meta":{"_acf_changed":false,"footnotes":""},"class_list":["post-522","page","type-page","status-publish","has-post-thumbnail","hentry"],"acf":[],"yoast_head":"<!-- This site is optimized with the Yoast SEO plugin v24.6 - https:\/\/yoast.com\/wordpress\/plugins\/seo\/ -->\n<title>Home - Limobus Roma<\/title>\n<meta name=\"robots\" content=\"index, follow, max-snippet:-1, max-image-preview:large, max-video-preview:-1\" \/>\n<link rel=\"canonical\" href=\"https:\/\/www.limobusroma.it\/es\/\" \/>\n<meta property=\"og:locale\" content=\"es_ES\" \/>\n<meta property=\"og:type\" content=\"article\" \/>\n<meta property=\"og:title\" content=\"Home - Limobus Roma\" \/>\n<meta property=\"og:description\" content=\"Alquila una limusina discoteca de 15 plazas totalmente amueblada como una limusina, ideal para fiestas privadas. Se puede definir como un\u00a0DISCO LIMO BUS\u00a0porque en su interior se pueden organizar aut\u00e9nticas fiestas de baile. Bailamos y nos divertimos dentro de este &#8220;lugar de 4 ruedas&#8221;. \u00bfQuieres celebrar tu cumplea\u00f1os, tu graduaci\u00f3n o tu despedida de soltero [&hellip;]\" \/>\n<meta property=\"og:url\" content=\"https:\/\/www.limobusroma.it\/es\/\" \/>\n<meta property=\"og:site_name\" content=\"Limobus Roma\" \/>\n<meta property=\"article:modified_time\" content=\"2025-03-12T10:26:22+00:00\" \/>\n<meta name=\"twitter:card\" content=\"summary_large_image\" \/>\n<meta name=\"twitter:label1\" content=\"Est. reading time\" \/>\n\t<meta name=\"twitter:data1\" content=\"1 minute\" \/>\n<script type=\"application\/ld+json\" class=\"yoast-schema-graph\">{\"@context\":\"https:\/\/schema.org\",\"@graph\":[{\"@type\":\"WebPage\",\"@id\":\"https:\/\/www.limobusroma.it\/es\/\",\"url\":\"https:\/\/www.limobusroma.it\/es\/\",\"name\":\"Home - Limobus Roma\",\"isPartOf\":{\"@id\":\"https:\/\/www.limobusroma.it\/es\/#website\"},\"primaryImageOfPage\":{\"@id\":\"https:\/\/www.limobusroma.it\/es\/#primaryimage\"},\"image\":{\"@id\":\"https:\/\/www.limobusroma.it\/es\/#primaryimage\"},\"thumbnailUrl\":\"https:\/\/www.limobusroma.it\/wp-content\/uploads\/2025\/03\/luxury-bus-4.jpg\",\"datePublished\":\"2025-03-11T09:05:49+00:00\",\"dateModified\":\"2025-03-12T10:26:22+00:00\",\"breadcrumb\":{\"@id\":\"https:\/\/www.limobusroma.it\/es\/#breadcrumb\"},\"inLanguage\":\"es-ES\",\"potentialAction\":[{\"@type\":\"ReadAction\",\"target\":[\"https:\/\/www.limobusroma.it\/es\/\"]}]},{\"@type\":\"ImageObject\",\"inLanguage\":\"es-ES\",\"@id\":\"https:\/\/www.limobusroma.it\/es\/#primaryimage\",\"url\":\"https:\/\/www.limobusroma.it\/wp-content\/uploads\/2025\/03\/luxury-bus-4.jpg\",\"contentUrl\":\"https:\/\/www.limobusroma.it\/wp-content\/uploads\/2025\/03\/luxury-bus-4.jpg\",\"width\":960,\"height\":640},{\"@type\":\"BreadcrumbList\",\"@id\":\"https:\/\/www.limobusroma.it\/es\/#breadcrumb\",\"itemListElement\":[{\"@type\":\"ListItem\",\"position\":1,\"name\":\"Home\",\"item\":\"https:\/\/www.limobusroma.it\/es\/\"},{\"@type\":\"ListItem\",\"position\":2,\"name\":\"Home\"}]},{\"@type\":\"WebSite\",\"@id\":\"https:\/\/www.limobusroma.it\/es\/#website\",\"url\":\"https:\/\/www.limobusroma.it\/es\/\",\"name\":\"Limobus Roma\",\"description\":\"\",\"publisher\":{\"@id\":\"https:\/\/www.limobusroma.it\/es\/#organization\"},\"potentialAction\":[{\"@type\":\"SearchAction\",\"target\":{\"@type\":\"EntryPoint\",\"urlTemplate\":\"https:\/\/www.limobusroma.it\/es\/?s={search_term_string}\"},\"query-input\":{\"@type\":\"PropertyValueSpecification\",\"valueRequired\":true,\"valueName\":\"search_term_string\"}}],\"inLanguage\":\"es-ES\"},{\"@type\":\"Organization\",\"@id\":\"https:\/\/www.limobusroma.it\/es\/#organization\",\"name\":\"Limobus Roma\",\"url\":\"https:\/\/www.limobusroma.it\/es\/\",\"logo\":{\"@type\":\"ImageObject\",\"inLanguage\":\"es-ES\",\"@id\":\"https:\/\/www.limobusroma.it\/es\/#\/schema\/logo\/image\/\",\"url\":\"https:\/\/www.limobusroma.it\/wp-content\/uploads\/2025\/03\/logo.png\",\"contentUrl\":\"https:\/\/www.limobusroma.it\/wp-content\/uploads\/2025\/03\/logo.png\",\"width\":195,\"height\":65,\"caption\":\"Limobus Roma\"},\"image\":{\"@id\":\"https:\/\/www.limobusroma.it\/es\/#\/schema\/logo\/image\/\"}}]}<\/script>\n<!-- \/ Yoast SEO plugin. -->","yoast_head_json":{"title":"Home - Limobus Roma","robots":{"index":"index","follow":"follow","max-snippet":"max-snippet:-1","max-image-preview":"max-image-preview:large","max-video-preview":"max-video-preview:-1"},"canonical":"https:\/\/www.limobusroma.it\/es\/","og_locale":"es_ES","og_type":"article","og_title":"Home - Limobus Roma","og_description":"Alquila una limusina discoteca de 15 plazas totalmente amueblada como una limusina, ideal para fiestas privadas. Se puede definir como un\u00a0DISCO LIMO BUS\u00a0porque en su interior se pueden organizar aut\u00e9nticas fiestas de baile. Bailamos y nos divertimos dentro de este &#8220;lugar de 4 ruedas&#8221;. \u00bfQuieres celebrar tu cumplea\u00f1os, tu graduaci\u00f3n o tu despedida de soltero [&hellip;]","og_url":"https:\/\/www.limobusroma.it\/es\/","og_site_name":"Limobus Roma","article_modified_time":"2025-03-12T10:26:22+00:00","twitter_card":"summary_large_image","twitter_misc":{"Est. reading time":"1 minute"},"schema":{"@context":"https:\/\/schema.org","@graph":[{"@type":"WebPage","@id":"https:\/\/www.limobusroma.it\/es\/","url":"https:\/\/www.limobusroma.it\/es\/","name":"Home - Limobus Roma","isPartOf":{"@id":"https:\/\/www.limobusroma.it\/es\/#website"},"primaryImageOfPage":{"@id":"https:\/\/www.limobusroma.it\/es\/#primaryimage"},"image":{"@id":"https:\/\/www.limobusroma.it\/es\/#primaryimage"},"thumbnailUrl":"https:\/\/www.limobusroma.it\/wp-content\/uploads\/2025\/03\/luxury-bus-4.jpg","datePublished":"2025-03-11T09:05:49+00:00","dateModified":"2025-03-12T10:26:22+00:00","breadcrumb":{"@id":"https:\/\/www.limobusroma.it\/es\/#breadcrumb"},"inLanguage":"es-ES","potentialAction":[{"@type":"ReadAction","target":["https:\/\/www.limobusroma.it\/es\/"]}]},{"@type":"ImageObject","inLanguage":"es-ES","@id":"https:\/\/www.limobusroma.it\/es\/#primaryimage","url":"https:\/\/www.limobusroma.it\/wp-content\/uploads\/2025\/03\/luxury-bus-4.jpg","contentUrl":"https:\/\/www.limobusroma.it\/wp-content\/uploads\/2025\/03\/luxury-bus-4.jpg","width":960,"height":640},{"@type":"BreadcrumbList","@id":"https:\/\/www.limobusroma.it\/es\/#breadcrumb","itemListElement":[{"@type":"ListItem","position":1,"name":"Home","item":"https:\/\/www.limobusroma.it\/es\/"},{"@type":"ListItem","position":2,"name":"Home"}]},{"@type":"WebSite","@id":"https:\/\/www.limobusroma.it\/es\/#website","url":"https:\/\/www.limobusroma.it\/es\/","name":"Limobus Roma","description":"","publisher":{"@id":"https:\/\/www.limobusroma.it\/es\/#organization"},"potentialAction":[{"@type":"SearchAction","target":{"@type":"EntryPoint","urlTemplate":"https:\/\/www.limobusroma.it\/es\/?s={search_term_string}"},"query-input":{"@type":"PropertyValueSpecification","valueRequired":true,"valueName":"search_term_string"}}],"inLanguage":"es-ES"},{"@type":"Organization","@id":"https:\/\/www.limobusroma.it\/es\/#organization","name":"Limobus Roma","url":"https:\/\/www.limobusroma.it\/es\/","logo":{"@type":"ImageObject","inLanguage":"es-ES","@id":"https:\/\/www.limobusroma.it\/es\/#\/schema\/logo\/image\/","url":"https:\/\/www.limobusroma.it\/wp-content\/uploads\/2025\/03\/logo.png","contentUrl":"https:\/\/www.limobusroma.it\/wp-content\/uploads\/2025\/03\/logo.png","width":195,"height":65,"caption":"Limobus Roma"},"image":{"@id":"https:\/\/www.limobusroma.it\/es\/#\/schema\/logo\/image\/"}}]}},"_links":{"self":[{"href":"https:\/\/www.limobusroma.it\/es\/wp-json\/wp\/v2\/pages\/522","targetHints":{"allow":["GET"]}}],"collection":[{"href":"https:\/\/www.limobusroma.it\/es\/wp-json\/wp\/v2\/pages"}],"about":[{"href":"https:\/\/www.limobusroma.it\/es\/wp-json\/wp\/v2\/types\/page"}],"author":[{"embeddable":true,"href":"https:\/\/www.limobusroma.it\/es\/wp-json\/wp\/v2\/users\/1"}],"replies":[{"embeddable":true,"href":"https:\/\/www.limobusroma.it\/es\/wp-json\/wp\/v2\/comments?post=522"}],"version-history":[{"count":3,"href":"https:\/\/www.limobusroma.it\/es\/wp-json\/wp\/v2\/pages\/522\/revisions"}],"predecessor-version":[{"id":527,"href":"https:\/\/www.limobusroma.it\/es\/wp-json\/wp\/v2\/pages\/522\/revisions\/527"}],"wp:featuredmedia":[{"embeddable":true,"href":"https:\/\/www.limobusroma.it\/es\/wp-json\/wp\/v2\/media\/412"}],"wp:attachment":[{"href":"https:\/\/www.limobusroma.it\/es\/wp-json\/wp\/v2\/media?parent=522"}],"curies":[{"name":"wp","href":"https:\/\/api.w.org\/{rel}","templated":true}]}}